{"id":60,"date":"2020-08-06T09:04:29","date_gmt":"2020-08-06T07:04:29","guid":{"rendered":"https:\/\/demo.markt-au.de\/maria-de-la-paz\/?page_id=60"},"modified":"2023-11-16T12:19:33","modified_gmt":"2023-11-16T11:19:33","slug":"buchungszeiten","status":"publish","type":"page","link":"https:\/\/markt-au.de\/maria-de-la-paz\/organisatorisches\/buchungszeiten\/","title":{"rendered":"Buchungszeiten"},"content":{"rendered":"<h1>\n<p>Buchungszeiten<\/p>\n<\/h1>\n<p><img decoding=\"async\" src=\"\/maria-de-la-paz\/wp-content\/uploads\/sites\/5\/2020\/08\/mdlp_unterstrich.svg\" alt=\"\"><\/p>\n<h2>Regel\u00f6ffnungszeiten:<\/h2>\n<div>\n<p>Montag bis Freitag: 07.00 bis 16.00 Uhr<\/p>\n<\/div>\n<h2>Buchungszeiten:<\/h2>\n<div>\n<p>07.00 &#8211; 12.00 Uhr <br \/>07.00 &#8211; 13.00 Uhr mit Mittagessen<br \/>07.00 &#8211; 14.00 Uhr mit Mittagessen <br \/>07.00 &#8211; 15.00 Uhr mit Mittagessen<br \/>07.00 &#8211; 16.00 Uhr mit Mittagessen\u00a0<\/p>\n<\/div>\n<div>\n<p>08.00 &#8211; 12.00 Uhr<br \/>08.00 &#8211; 13.00 Uhr mit Mittagessen<br \/>08.00 &#8211; 14.00 Uhr mit Mittagessen<br \/>08.00 &#8211; 15.00 Uhr mit Mittagessen<br \/>08.00 &#8211; 16.00 Uhr mit Mittagessen<\/p>\n<\/div>\n<div>\n<div><strong><span>Kernzeit:<\/span><\/strong> Montag\u00a0bis Freitag, 08.00 &#8211; 12.00 Uhr<\/div>\n<\/div>\n<div>\n<div><strong><span><\/span><\/strong><\/p>\n<p><em>Die jeweiligen Geb\u00fchren sind aus der Satzung bzw. der Geb\u00fchrensatzung des Tr\u00e4gers ersichtlich!<\/em><\/p>\n<\/div>\n<\/div>\n<p><!--more--><br \/>\n<!-- {\"type\":\"layout\",\"children\":[{\"type\":\"section\",\"props\":{\"image_position\":\"center-center\",\"style\":\"default\",\"title_breakpoint\":\"xl\",\"title_position\":\"top-left\",\"title_rotation\":\"left\",\"vertical_align\":\"middle\",\"width\":\"default\"},\"children\":[{\"type\":\"row\",\"children\":[{\"type\":\"column\",\"props\":{\"image_position\":\"center-center\",\"position_sticky_breakpoint\":\"m\"},\"children\":[{\"type\":\"breadcrumbs\",\"props\":{\"home_text\":\"Startseite\",\"show_current\":true,\"show_home\":true},\"modified\":\"2021-04-21T08:09:10.485Z\",\"name\":\"(Markt Au \\u2013 Maria de la paz) TEMPLATE | Breadcrumb\"},{\"type\":\"headline\",\"props\":{\"content\":\"\n\n<p>Buchungszeiten<\\\/p>\",\"margin_remove_bottom\":true,\"title_element\":\"h1\"}},{\"type\":\"image\",\"props\":{\"image\":\"wp-content\\\/uploads\\\/sites\\\/5\\\/2020\\\/08\\\/mdlp_unterstrich.svg\",\"image_svg_animate\":true,\"image_svg_color\":\"secondary\",\"image_svg_inline\":true,\"image_width\":\"200\",\"margin\":\"default\",\"margin_remove_top\":true,\"position\":\"relative\",\"position_top\":\"-20\"}}]}]},{\"type\":\"row\",\"children\":[{\"type\":\"column\",\"props\":{\"image_position\":\"center-center\",\"position_sticky_breakpoint\":\"m\"},\"children\":[{\"type\":\"headline\",\"props\":{\"content\":\"Regel\\u00f6ffnungszeiten:\",\"title_color\":\"secondary\",\"title_element\":\"h2\"}},{\"type\":\"text\",\"props\":{\"column_breakpoint\":\"m\",\"content\":\"\n\n<p>Montag bis Freitag: 07.00 bis 16.00 Uhr<\\\/p>\",\"margin\":\"default\"}}]}]},{\"type\":\"row\",\"children\":[{\"type\":\"column\",\"props\":{\"image_position\":\"center-center\",\"position_sticky_breakpoint\":\"m\"},\"children\":[{\"type\":\"headline\",\"props\":{\"content\":\"Buchungszeiten:\",\"title_color\":\"secondary\",\"title_element\":\"h2\"}}]}]},{\"type\":\"row\",\"props\":{\"layout\":\"1-2,1-2\",\"margin\":\"default\",\"margin_remove_top\":false},\"children\":[{\"type\":\"column\",\"props\":{\"image_position\":\"center-center\",\"position_sticky_breakpoint\":\"m\",\"width_medium\":\"1-4\",\"width_small\":\"1-2\"},\"children\":[{\"type\":\"text\",\"props\":{\"column_breakpoint\":\"m\",\"content\":\"\n\n<p>07.00 - 12.00 Uhr <br \\\/>07.00 - 13.00 Uhr mit Mittagessen<br \\\/>07.00 - 14.00 Uhr mit Mittagessen <br \\\/>07.00 - 15.00 Uhr mit Mittagessen<br \\\/>07.00 - 16.00 Uhr mit Mittagessen\\u00a0<br \\\/><br \\\/><\\\/p>\",\"margin\":\"default\"}}]},{\"type\":\"column\",\"props\":{\"image_position\":\"center-center\",\"position_sticky_breakpoint\":\"m\",\"width_medium\":\"3-4\",\"width_small\":\"1-2\"},\"children\":[{\"type\":\"text\",\"props\":{\"column_breakpoint\":\"m\",\"content\":\"\n\n<p>08.00 - 12.00 Uhr<br \\\/>08.00 - 13.00 Uhr mit Mittagessen<br \\\/>08.00 - 14.00 Uhr mit Mittagessen<br \\\/>08.00 - 15.00 Uhr mit Mittagessen<br \\\/>08.00 - 16.00 Uhr mit Mittagessen<br \\\/><br \\\/><\\\/p>\",\"margin\":\"default\"}}]}]},{\"type\":\"row\",\"props\":{\"margin\":\"default\"},\"children\":[{\"type\":\"column\",\"props\":{\"image_position\":\"center-center\",\"position_sticky_breakpoint\":\"m\"},\"children\":[{\"type\":\"text\",\"props\":{\"column_breakpoint\":\"m\",\"content\":\"\n\n<div><strong><span>Kernzeit:<\\\/span><\\\/strong> Montag\\u00a0bis Freitag, 08.00 - 12.00 Uhr<\\\/div>\",\"margin\":\"default\"}}]}]},{\"type\":\"row\",\"props\":{\"margin\":\"default\"},\"children\":[{\"type\":\"column\",\"props\":{\"image_position\":\"center-center\",\"position_sticky_breakpoint\":\"m\"},\"children\":[{\"type\":\"text\",\"props\":{\"column_breakpoint\":\"m\",\"content\":\"\n\n<div><strong><span><\\\/span><\\\/strong>\\n\n\n<p><em>Die jeweiligen Geb\\u00fchren sind aus der Satzung bzw. der Geb\\u00fchrensatzung des Tr\\u00e4gers ersichtlich!<\\\/em><\\\/p>\\n<\\\/div>\",\"margin\":\"default\",\"text_style\":\"large\"}}]}]}]}],\"version\":\"4.2.5\",\"yooessentialsVersion\":\"2.0.19\"} --><\/p>\n","protected":false},"excerpt":{"rendered":"<p>Buchungszeiten Regel\u00f6ffnungszeiten: Montag bis Freitag: 07.00 bis 16.00 Uhr Buchungszeiten: 07.00 &#8211; 12.00 Uhr 07.00 &#8211; 13.00 Uhr mit Mittagessen07.00 &#8211; 14.00 Uhr mit Mittagessen 07.00 &#8211; 15.00 Uhr mit [&hellip;]<\/p>\n","protected":false},"author":1,"featured_media":0,"parent":1616,"menu_order":0,"comment_status":"closed","ping_status":"closed","template":"","meta":{"footnotes":""},"class_list":["post-60","page","type-page","status-publish","hentry"],"publishpress_future_action":{"enabled":false,"date":"2026-05-02 20:14:23","action":"change-status","newStatus":"draft","terms":[],"taxonomy":"","extraData":[]},"publishpress_future_workflow_manual_trigger":{"enabledWorkflows":[]},"_links":{"self":[{"href":"https:\/\/markt-au.de\/maria-de-la-paz\/wp-json\/wp\/v2\/pages\/60","targetHints":{"allow":["GET"]}}],"collection":[{"href":"https:\/\/markt-au.de\/maria-de-la-paz\/wp-json\/wp\/v2\/pages"}],"about":[{"href":"https:\/\/markt-au.de\/maria-de-la-paz\/wp-json\/wp\/v2\/types\/page"}],"author":[{"embeddable":true,"href":"https:\/\/markt-au.de\/maria-de-la-paz\/wp-json\/wp\/v2\/users\/1"}],"replies":[{"embeddable":true,"href":"https:\/\/markt-au.de\/maria-de-la-paz\/wp-json\/wp\/v2\/comments?post=60"}],"version-history":[{"count":34,"href":"https:\/\/markt-au.de\/maria-de-la-paz\/wp-json\/wp\/v2\/pages\/60\/revisions"}],"predecessor-version":[{"id":2376,"href":"https:\/\/markt-au.de\/maria-de-la-paz\/wp-json\/wp\/v2\/pages\/60\/revisions\/2376"}],"up":[{"embeddable":true,"href":"https:\/\/markt-au.de\/maria-de-la-paz\/wp-json\/wp\/v2\/pages\/1616"}],"wp:attachment":[{"href":"https:\/\/markt-au.de\/maria-de-la-paz\/wp-json\/wp\/v2\/media?parent=60"}],"curies":[{"name":"wp","href":"https:\/\/api.w.org\/{rel}","templated":true}]}}