{"id":157,"date":"2021-09-21T17:35:52","date_gmt":"2021-09-21T15:35:52","guid":{"rendered":"https:\/\/demo.markt-au.de\/auer-hopfenzwerge\/?page_id=157"},"modified":"2025-09-23T13:29:34","modified_gmt":"2025-09-23T11:29:34","slug":"aktionen-termine","status":"publish","type":"page","link":"https:\/\/markt-au.de\/auer-hopfenzwerge\/aktionen-termine\/","title":{"rendered":"Aktionen &#038; Termine"},"content":{"rendered":"<h1>Aktionen &amp; Termine<\/h1>\n<p><img decoding=\"async\" src=\"\/auer-hopfenzwerge\/wp-content\/uploads\/sites\/6\/2021\/09\/unterstrich.svg\" alt=\"\"><\/p>\n<table>\n<tbody>\n<tr>\n<td>September 2025<\/td>\n<td>\n<p><strong>01.September<\/strong> Teamtag<\/p>\n<p><strong>02.September &#8211; 15.September<\/strong> Sommerferien &#8211; Feriendienst nach Anmeldung<\/p>\n<p><strong>24. September<\/strong> Elternabend\u00a0<\/p>\n<\/td>\n<\/tr>\n<tr>\n<td>Oktober 2025<\/td>\n<td>\n<p><strong>24.Oktober<\/strong> Die Kinderkrippe schlie\u00dft um 12:00Uhr<\/p>\n<\/td>\n<\/tr>\n<tr>\n<td>November 2025<\/td>\n<td>\n<p><strong>03. November &#8211; 07. November<\/strong> Herbstferien &#8211; Feriendienst nach Anmeldung<\/p>\n<p><strong>13. November<\/strong> St. Martinsfest mit den Eltern und Geschwistern in der Kinderkrippe &#8211; Einrichtung schlie\u00dft um 14:00Uhr<\/p>\n<\/td>\n<\/tr>\n<tr>\n<td>Dezember 2025 \/ Januar 2026<\/td>\n<td>\n<p><strong>05. Dezember<\/strong> Nikolausfeier<\/p>\n<p><strong>19. Dezember<\/strong> Weihnachtsfest &#8211; Die Einrichtung schlie\u00dft um 12:00Uhr<\/p>\n<p><b>22. Dezember &#8211; 06. Januar <\/b>Weihnachtsferien &#8211; <strong>Kinderkrippe geschlossen!<\/strong><\/p>\n<\/p>\n<\/p>\n<\/p>\n<\/td>\n<\/tr>\n<tr>\n<td>Februar 2026<\/td>\n<td>\n<p><strong>12. Februar &#8211; 17. Februar<\/strong> Fasching in der Kinderkrippe &#8211; an diesen Tagen d\u00fcrfen die Kinder verkleidet kommen<\/p>\n<p><strong>17. Februar<\/strong> Faschingsdienstag &#8211; Einrichtung schlie\u00dft um 12:00Uhr<\/p>\n<p><strong>16. Februar &#8211; 20. Februar<\/strong> Faschingsferien &#8211; Feriendienst nach Anmeldung<\/p>\n<\/td>\n<\/tr>\n<tr>\n<td>M\u00e4rz \/ April 2026<\/td>\n<td>\n<p><strong>27. M\u00e4rz<\/strong> Osterfeier<\/p>\n<p><strong>30. M\u00e4rz &#8211; 01. April<\/strong> Osterferien &#8211; Feriendienst nach Anmeldung<\/p>\n<p><strong>02. April &#8211; 07. April<\/strong> Osterferien &#8211; <strong>Kinderkrippe geschlossen!<\/strong><\/p>\n<p><strong>08. April &#8211; 10. April<\/strong> Osterferien &#8211; Feriendienst nach Anmeldung<\/p>\n<\/td>\n<\/tr>\n<tr>\n<td>Mai 2026<\/td>\n<td>\n<p><strong>13.Mai<\/strong> Fototag\u00a0 &#8211; Fotograf Alex Meyer kommt<\/p>\n<p><strong>15. Mai<\/strong> Br\u00fcckentag &#8211; <strong>Kinderkrippe geschlossen!<\/strong><\/p>\n<p><strong>25. Mai &#8211; 29. Mai<\/strong> Pfingstferien &#8211; <strong>Kinderkrippe geschlossen!<\/strong><\/p>\n<\/p>\n<\/td>\n<\/tr>\n<tr>\n<td>Juni 2026<\/td>\n<td>\n<p><strong>01.Juni &#8211; 03. Juni<\/strong> Pfingstferien &#8211; Feriendienst nach Anmeldung<\/p>\n<p><strong>05. Juni<\/strong> Br\u00fcckentag &#8211; <strong>Kinderkrippe geschlossen!<\/strong><\/p>\n<\/p>\n<\/p>\n<\/td>\n<\/tr>\n<tr>\n<td>Juli 2025<\/td>\n<td>\n<p><strong>Betriebsausflug voraussichtlich am 03. Juli\u00a0<\/strong><\/p>\n<p><b>17. Juli <\/b>Sommerfest<\/p>\n<p><strong>24. Juli Abschiedsfest<\/strong> der gro\u00dfen Zwerge &#8211; Die Kinderkrippe schlie\u00dft um 12:00Uhr<\/p>\n<\/p>\n<\/td>\n<\/tr>\n<tr>\n<td>August \/ September 2026<\/td>\n<td>\n<p><strong>03 August &#8211; 07. August<\/strong> Sommerferien &#8211; Feriendienst nach Anmeldung<\/p>\n<p><strong>07. August<\/strong> Die Kinderkrippe schlie\u00dft um 12:00Uhr<\/p>\n<p><strong>10. August &#8211; 31. August<\/strong> Sommerferien &#8211; <strong>Kinderkrippe geschlossen!<\/strong><\/p>\n<p><strong>31. August<\/strong> Teamtag &#8211; Kinderkrippe geschlossen!<\/p>\n<p><strong>01. September &#8211; 14. September<\/strong> Sommerferien &#8211; Feriendienst nach Anmeldung<\/p>\n<\/p>\n<\/td>\n<\/tr>\n<\/tbody>\n<\/table>\n<div>\n<p>Insgesamt haben wir <strong>30 Tage<\/strong> im Krippenjahr zur Verf\u00fcgung. Zum September 2025 erhalten sie dann die Schlie\u00dfungstage f\u00fcr das gesamte Jahr 2025\/2026.<\/p>\n<p><strong>Feiertage<\/strong> sowie <strong>Weihnachten<\/strong>, als auch Sylvester z\u00e4hlen <strong>nicht als Schlie\u00dfungstage<\/strong>, sondern werden als Feiertage kalkuliert.<\/p>\n<p style=\"text-align: center;\"><strong>Achtung &#8211; \u00c4nderungen sind m\u00f6glich!<\/strong><\/p>\n<\/div>\n<p><!--more--><br \/>\n<!-- {\"type\":\"layout\",\"children\":[{\"type\":\"section\",\"props\":{\"image_position\":\"center-center\",\"style\":\"default\",\"title_breakpoint\":\"xl\",\"title_position\":\"top-left\",\"title_rotation\":\"left\",\"vertical_align\":\"\",\"width\":\"default\"},\"children\":[{\"type\":\"row\",\"children\":[{\"type\":\"column\",\"props\":{\"image_position\":\"center-center\",\"position_sticky_breakpoint\":\"m\"},\"children\":[{\"type\":\"headline\",\"props\":{\"content\":\"Aktionen &amp; Termine\",\"title_element\":\"h1\"}},{\"type\":\"image\",\"props\":{\"image\":\"wp-content\\\/uploads\\\/sites\\\/6\\\/2021\\\/09\\\/unterstrich.svg\",\"image_svg_color\":\"primary\",\"image_svg_inline\":true,\"image_width\":\"200\",\"margin\":\"default\",\"position\":\"relative\",\"position_top\":\"-20\"}},{\"type\":\"table\",\"props\":{\"image_svg_color\":\"emphasis\",\"link_style\":\"default\",\"link_text\":\"Read more\",\"meta_style\":\"text-meta\",\"show_content\":true,\"show_image\":true,\"show_link\":true,\"show_meta\":true,\"show_title\":true,\"table_order\":\"1\",\"table_responsive\":\"overflow\",\"table_width_meta\":\"shrink\",\"table_width_title\":\"shrink\"},\"children\":[{\"type\":\"table_item\",\"props\":{\"content\":\"\n\n<p><strong>01.September<\\\/strong> Teamtag<\\\/p>\\n\n\n<p><strong>02.September - 15.September<\\\/strong> Sommerferien - Feriendienst nach Anmeldung<\\\/p>\\n\n\n<p><strong>24. September<\\\/strong> Elternabend\\u00a0<\\\/p>\",\"meta\":\"\",\"title\":\"September 2025\"}},{\"type\":\"table_item\",\"props\":{\"content\":\"\n\n<p><strong>24.Oktober<\\\/strong> Die Kinderkrippe schlie\\u00dft um 12:00Uhr<\\\/p>\",\"meta\":\"\",\"title\":\"Oktober 2025\"}},{\"type\":\"table_item\",\"props\":{\"content\":\"\n\n<p><strong>03. November - 07. November<\\\/strong> Herbstferien - Feriendienst nach Anmeldung<\\\/p>\\n\n\n<p><strong>13. November<\\\/strong> St. Martinsfest mit den Eltern und Geschwistern in der Kinderkrippe - Einrichtung schlie\\u00dft um 14:00Uhr<\\\/p>\",\"meta\":\"\",\"title\":\"November 2025\"}},{\"type\":\"table_item\",\"props\":{\"content\":\"\n\n<p><strong>05. Dezember<\\\/strong> Nikolausfeier<\\\/p>\\n\n\n<p><strong>19. Dezember<\\\/strong> Weihnachtsfest - Die Einrichtung schlie\\u00dft um 12:00Uhr<\\\/p>\\n\n\n<p><b>22. Dezember - 06. Januar <\\\/b>Weihnachtsferien - <strong>Kinderkrippe geschlossen!<\\\/strong><\\\/p>\\n\n\n<p><\\\/p>\\n\n\n<p><\\\/p>\\n\n\n<p><\\\/p>\\n\n\n<p><\\\/p>\\n\n\n<p><\\\/p>\\n\n\n<p><\\\/p>\",\"title\":\"Dezember 2025 \\\/ Januar 2026\"}},{\"type\":\"table_item\",\"props\":{\"content\":\"\n\n<p><strong>12. Februar - 17. Februar<\\\/strong> Fasching in der Kinderkrippe - an diesen Tagen d\\u00fcrfen die Kinder verkleidet kommen<\\\/p>\\n\n\n<p><strong>17. Februar<\\\/strong> Faschingsdienstag - Einrichtung schlie\\u00dft um 12:00Uhr<\\\/p>\\n\n\n<p><strong>16. Februar - 20. Februar<\\\/strong> Faschingsferien - Feriendienst nach Anmeldung<\\\/p>\",\"title\":\"Februar 2026\"}},{\"type\":\"table_item\",\"props\":{\"content\":\"\n\n<p><strong>27. M\\u00e4rz<\\\/strong> Osterfeier<\\\/p>\\n\n\n<p><strong>30. M\\u00e4rz - 01. April<\\\/strong> Osterferien - Feriendienst nach Anmeldung<\\\/p>\\n\n\n<p><strong>02. April - 07. April<\\\/strong> Osterferien - <strong>Kinderkrippe geschlossen!<\\\/strong><\\\/p>\\n\n\n<p><strong>08. April - 10. April<\\\/strong> Osterferien - Feriendienst nach Anmeldung<\\\/p>\",\"title\":\"M\\u00e4rz \\\/ April 2026\"}},{\"type\":\"table_item\",\"props\":{\"content\":\"\n\n<p><strong>13.Mai<\\\/strong> Fototag\\u00a0 - Fotograf Alex Meyer kommt<\\\/p>\\n\n\n<p><strong>15. Mai<\\\/strong> Br\\u00fcckentag - <strong>Kinderkrippe geschlossen!<\\\/strong><\\\/p>\\n\n\n<p><strong>25. Mai - 29. Mai<\\\/strong> Pfingstferien - <strong>Kinderkrippe geschlossen!<\\\/strong><\\\/p>\\n\n\n<p><\\\/p>\",\"title\":\"Mai 2026\"}},{\"type\":\"table_item\",\"props\":{\"content\":\"\n\n<p><strong>01.Juni - 03. Juni<\\\/strong> Pfingstferien - Feriendienst nach Anmeldung<\\\/p>\\n\n\n<p><strong>05. Juni<\\\/strong> Br\\u00fcckentag - <strong>Kinderkrippe geschlossen!<\\\/strong><\\\/p>\\n\n\n<p><\\\/p>\\n\n\n<p><\\\/p>\\n\n\n<p><\\\/p>\",\"title\":\"Juni 2026\"}},{\"type\":\"table_item\",\"props\":{\"content\":\"\n\n<p><strong>Betriebsausflug voraussichtlich am 03. Juli\\u00a0<\\\/strong><\\\/p>\\n\n\n<p><b>17. Juli <\\\/b>Sommerfest<\\\/p>\\n\n\n<p><strong>24. Juli Abschiedsfest<\\\/strong> der gro\\u00dfen Zwerge - Die Kinderkrippe schlie\\u00dft um 12:00Uhr<\\\/p>\\n\n\n<p><\\\/p>\",\"title\":\"Juli 2025\"}},{\"type\":\"table_item\",\"props\":{\"content\":\"\n\n<p><strong>03 August - 07. August<\\\/strong> Sommerferien - Feriendienst nach Anmeldung<\\\/p>\\n\n\n<p><strong>07. August<\\\/strong> Die Kinderkrippe schlie\\u00dft um 12:00Uhr<\\\/p>\\n\n\n<p><strong>10. August - 31. August<\\\/strong> Sommerferien - <strong>Kinderkrippe geschlossen!<\\\/strong><\\\/p>\\n\n\n<p><strong>31. August<\\\/strong> Teamtag - Kinderkrippe geschlossen!<\\\/p>\\n\n\n<p><strong>01. September - 14. September<\\\/strong> Sommerferien - Feriendienst nach Anmeldung<\\\/p>\\n\n\n<p><\\\/p>\\n\n\n<p><\\\/p>\",\"title\":\"August \\\/ September 2026\"}}]},{\"type\":\"text\",\"props\":{\"column_breakpoint\":\"m\",\"content\":\"\n\n<p>Insgesamt haben wir <strong>30 Tage<\\\/strong> im Krippenjahr zur Verf\\u00fcgung. Zum September 2025 erhalten sie dann die Schlie\\u00dfungstage f\\u00fcr das gesamte Jahr 2025\\\/2026.<\\\/p>\\n\n\n<p><strong>Feiertage<\\\/strong> sowie <strong>Weihnachten<\\\/strong>, als auch Sylvester z\\u00e4hlen <strong>nicht als Schlie\\u00dfungstage<\\\/strong>, sondern werden als Feiertage kalkuliert.<\\\/p>\\n\n\n<p style=\\\"text-align: center;\\\"><strong>Achtung - \\u00c4nderungen sind m\\u00f6glich!<\\\/strong><\\\/p>\",\"margin\":\"default\"}}]}]}]},{\"type\":\"section\",\"props\":{\"image_position\":\"center-center\",\"style\":\"default\",\"title_breakpoint\":\"xl\",\"title_position\":\"top-left\",\"title_rotation\":\"left\",\"vertical_align\":\"\",\"width\":\"default\"},\"children\":[{\"type\":\"row\",\"children\":[{\"type\":\"column\",\"props\":{\"image_position\":\"center-center\",\"position_sticky_breakpoint\":\"m\"}}]}]}],\"version\":\"4.5.19\",\"yooessentialsVersion\":\"2.3.12\"} --><\/p>\n","protected":false},"excerpt":{"rendered":"<p>Aktionen &amp; Termine September 2025 01.September Teamtag 02.September &#8211; 15.September Sommerferien &#8211; Feriendienst nach Anmeldung 24. September Elternabend\u00a0 Oktober 2025 24.Oktober Die Kinderkrippe schlie\u00dft um 12:00Uhr November 2025 03. November [&hellip;]<\/p>\n","protected":false},"author":1,"featured_media":0,"parent":0,"menu_order":0,"comment_status":"closed","ping_status":"closed","template":"","meta":{"footnotes":""},"class_list":["post-157","page","type-page","status-publish","hentry"],"publishpress_future_action":{"enabled":false,"date":"2026-04-27 10:13:48","action":"change-status","newStatus":"draft","terms":[],"taxonomy":"","extraData":[]},"publishpress_future_workflow_manual_trigger":{"enabledWorkflows":[]},"_links":{"self":[{"href":"https:\/\/markt-au.de\/auer-hopfenzwerge\/wp-json\/wp\/v2\/pages\/157","targetHints":{"allow":["GET"]}}],"collection":[{"href":"https:\/\/markt-au.de\/auer-hopfenzwerge\/wp-json\/wp\/v2\/pages"}],"about":[{"href":"https:\/\/markt-au.de\/auer-hopfenzwerge\/wp-json\/wp\/v2\/types\/page"}],"author":[{"embeddable":true,"href":"https:\/\/markt-au.de\/auer-hopfenzwerge\/wp-json\/wp\/v2\/users\/1"}],"replies":[{"embeddable":true,"href":"https:\/\/markt-au.de\/auer-hopfenzwerge\/wp-json\/wp\/v2\/comments?post=157"}],"version-history":[{"count":79,"href":"https:\/\/markt-au.de\/auer-hopfenzwerge\/wp-json\/wp\/v2\/pages\/157\/revisions"}],"predecessor-version":[{"id":772,"href":"https:\/\/markt-au.de\/auer-hopfenzwerge\/wp-json\/wp\/v2\/pages\/157\/revisions\/772"}],"wp:attachment":[{"href":"https:\/\/markt-au.de\/auer-hopfenzwerge\/wp-json\/wp\/v2\/media?parent=157"}],"curies":[{"name":"wp","href":"https:\/\/api.w.org\/{rel}","templated":true}]}}